{"id":24859,"date":"2024-05-20T08:46:38","date_gmt":"2024-05-20T15:46:38","guid":{"rendered":"https:\/\/www.panish.law\/nevada\/nevada-personal-injury-attorney-copy\/"},"modified":"2024-05-23T15:06:48","modified_gmt":"2024-05-23T22:06:48","slug":"es","status":"publish","type":"page","link":"https:\/\/www.panish.law\/nevada\/es\/","title":{"rendered":"Spanish Homepage"},"content":{"rendered":"","protected":false},"excerpt":{"rendered":"","protected":false},"author":5,"featured_media":0,"parent":0,"menu_order":0,"comment_status":"closed","ping_status":"closed","template":"page-home.php","meta":{"_acf_changed":false,"footnotes":"","_content_optimizer_report_url":"","_content_optimizer_report_added":"","_content_optimizer_keyword_hide_used":false,"_content_optimizer_keyword_hide_above_average":false,"_content_optimizer_entities_hide_used":false,"_content_optimizer_entities_hide_above_average":false,"_content_optimizer_headings_hide_used":false,"_content_optimizer_questions_hide_used":false,"_content_optimizer_tab_active":"","_content_optimizer_report_url_ce":"","_content_optimizer_report_added_ce":"","_content_optimizer_keyword_hide_used_ce":false,"_content_optimizer_keyword_hide_above_average_ce":false,"_content_optimizer_entities_hide_used_ce":false,"_content_optimizer_entities_hide_above_average_ce":false,"_content_optimizer_headings_hide_used_ce":false,"_content_optimizer_questions_hide_used_ce":false,"_content_optimizer_tab_active_ce":""},"class_list":["post-24859","page","type-page","status-publish","hentry"],"acf":{"translate_parts":"espanol"},"yoast_head":"<!-- This site is optimized with the Yoast SEO plugin v26.6 - https:\/\/yoast.com\/wordpress\/plugins\/seo\/ -->\n<title>Abogados de lesiones personales en Nevada | Panish | Shea | Ravipudi LLP<\/title>\n<meta name=\"description\" content=\"\u00bfSufri\u00f3 un accidente en Las Vegas, Nevada? Nuestros abogados de lesiones personales lo acompa\u00f1ar\u00e1n durante todo el proceso para obtener una compensaci\u00f3n justa.\" \/>\n<meta name=\"robots\" content=\"index, follow, max-snippet:-1, max-image-preview:large, max-video-preview:-1\" \/>\n<link rel=\"canonical\" href=\"https:\/\/www.panish.law\/nevada\/es\/\" \/>\n<meta property=\"og:locale\" content=\"en_US\" \/>\n<meta property=\"og:type\" content=\"article\" \/>\n<meta property=\"og:title\" content=\"Abogados de lesiones personales en Nevada | Panish | Shea | Ravipudi LLP\" \/>\n<meta property=\"og:description\" content=\"\u00bfSufri\u00f3 un accidente en Las Vegas, Nevada? Nuestros abogados de lesiones personales lo acompa\u00f1ar\u00e1n durante todo el proceso para obtener una compensaci\u00f3n justa.\" \/>\n<meta property=\"og:url\" content=\"https:\/\/www.panish.law\/nevada\/es\/\" \/>\n<meta property=\"og:site_name\" content=\"Panish | Shea | Ravipudi LLP - Nevada\" \/>\n<meta property=\"article:modified_time\" content=\"2024-05-23T22:06:48+00:00\" \/>\n<meta name=\"twitter:card\" content=\"summary_large_image\" \/>\n<script type=\"application\/ld+json\" class=\"yoast-schema-graph\">{\"@context\":\"https:\/\/schema.org\",\"@graph\":[{\"@type\":\"WebPage\",\"@id\":\"https:\/\/www.panish.law\/nevada\/es\/\",\"url\":\"https:\/\/www.panish.law\/nevada\/es\/\",\"name\":\"Abogados de lesiones personales en Nevada | Panish | Shea | Ravipudi LLP\",\"isPartOf\":{\"@id\":\"https:\/\/www.panish.law\/nevada\/#website\"},\"datePublished\":\"2024-05-20T15:46:38+00:00\",\"dateModified\":\"2024-05-23T22:06:48+00:00\",\"description\":\"\u00bfSufri\u00f3 un accidente en Las Vegas, Nevada? Nuestros abogados de lesiones personales lo acompa\u00f1ar\u00e1n durante todo el proceso para obtener una compensaci\u00f3n justa.\",\"breadcrumb\":{\"@id\":\"https:\/\/www.panish.law\/nevada\/es\/#breadcrumb\"},\"inLanguage\":\"en-US\",\"potentialAction\":[{\"@type\":\"ReadAction\",\"target\":[\"https:\/\/www.panish.law\/nevada\/es\/\"]}]},{\"@type\":\"BreadcrumbList\",\"@id\":\"https:\/\/www.panish.law\/nevada\/es\/#breadcrumb\",\"itemListElement\":[{\"@type\":\"ListItem\",\"position\":1,\"name\":\"Home\",\"item\":\"https:\/\/www.panish.law\/nevada\/\"},{\"@type\":\"ListItem\",\"position\":2,\"name\":\"Spanish Homepage\"}]},{\"@type\":\"WebSite\",\"@id\":\"https:\/\/www.panish.law\/nevada\/#website\",\"url\":\"https:\/\/www.panish.law\/nevada\/\",\"name\":\"Panish | Shea | Ravipudi LLP - Nevada\",\"description\":\"Panish | Shea | Ravipudi LLP Las Vegas Personal Injury Lawyer\",\"publisher\":{\"@id\":\"https:\/\/www.panish.law\/nevada\/#organization\"},\"potentialAction\":[{\"@type\":\"SearchAction\",\"target\":{\"@type\":\"EntryPoint\",\"urlTemplate\":\"https:\/\/www.panish.law\/nevada\/?s={search_term_string}\"},\"query-input\":{\"@type\":\"PropertyValueSpecification\",\"valueRequired\":true,\"valueName\":\"search_term_string\"}}],\"inLanguage\":\"en-US\"},{\"@type\":\"Organization\",\"@id\":\"https:\/\/www.panish.law\/nevada\/#organization\",\"name\":\"Panish | Shea | Ravipudi LLP\",\"url\":\"https:\/\/www.panish.law\/nevada\/\",\"logo\":{\"@type\":\"ImageObject\",\"inLanguage\":\"en-US\",\"@id\":\"https:\/\/www.panish.law\/nevada\/#\/schema\/logo\/image\/\",\"url\":\"https:\/\/www.panish.law\/nevada\/wp-content\/uploads\/2022\/07\/Panish-Shea-Boyle-Ravipudi-Logo.png\",\"contentUrl\":\"https:\/\/www.panish.law\/nevada\/wp-content\/uploads\/2022\/07\/Panish-Shea-Boyle-Ravipudi-Logo.png\",\"width\":400,\"height\":400,\"caption\":\"Panish | Shea | Ravipudi LLP\"},\"image\":{\"@id\":\"https:\/\/www.panish.law\/nevada\/#\/schema\/logo\/image\/\"}}]}<\/script>\n<!-- \/ Yoast SEO plugin. -->","yoast_head_json":{"title":"Abogados de lesiones personales en Nevada | Panish | Shea | Ravipudi LLP","description":"\u00bfSufri\u00f3 un accidente en Las Vegas, Nevada? Nuestros abogados de lesiones personales lo acompa\u00f1ar\u00e1n durante todo el proceso para obtener una compensaci\u00f3n justa.","robots":{"index":"index","follow":"follow","max-snippet":"max-snippet:-1","max-image-preview":"max-image-preview:large","max-video-preview":"max-video-preview:-1"},"canonical":"https:\/\/www.panish.law\/nevada\/es\/","og_locale":"en_US","og_type":"article","og_title":"Abogados de lesiones personales en Nevada | Panish | Shea | Ravipudi LLP","og_description":"\u00bfSufri\u00f3 un accidente en Las Vegas, Nevada? Nuestros abogados de lesiones personales lo acompa\u00f1ar\u00e1n durante todo el proceso para obtener una compensaci\u00f3n justa.","og_url":"https:\/\/www.panish.law\/nevada\/es\/","og_site_name":"Panish | Shea | Ravipudi LLP - Nevada","article_modified_time":"2024-05-23T22:06:48+00:00","twitter_card":"summary_large_image","schema":{"@context":"https:\/\/schema.org","@graph":[{"@type":"WebPage","@id":"https:\/\/www.panish.law\/nevada\/es\/","url":"https:\/\/www.panish.law\/nevada\/es\/","name":"Abogados de lesiones personales en Nevada | Panish | Shea | Ravipudi LLP","isPartOf":{"@id":"https:\/\/www.panish.law\/nevada\/#website"},"datePublished":"2024-05-20T15:46:38+00:00","dateModified":"2024-05-23T22:06:48+00:00","description":"\u00bfSufri\u00f3 un accidente en Las Vegas, Nevada? Nuestros abogados de lesiones personales lo acompa\u00f1ar\u00e1n durante todo el proceso para obtener una compensaci\u00f3n justa.","breadcrumb":{"@id":"https:\/\/www.panish.law\/nevada\/es\/#breadcrumb"},"inLanguage":"en-US","potentialAction":[{"@type":"ReadAction","target":["https:\/\/www.panish.law\/nevada\/es\/"]}]},{"@type":"BreadcrumbList","@id":"https:\/\/www.panish.law\/nevada\/es\/#breadcrumb","itemListElement":[{"@type":"ListItem","position":1,"name":"Home","item":"https:\/\/www.panish.law\/nevada\/"},{"@type":"ListItem","position":2,"name":"Spanish Homepage"}]},{"@type":"WebSite","@id":"https:\/\/www.panish.law\/nevada\/#website","url":"https:\/\/www.panish.law\/nevada\/","name":"Panish | Shea | Ravipudi LLP - Nevada","description":"Panish | Shea | Ravipudi LLP Las Vegas Personal Injury Lawyer","publisher":{"@id":"https:\/\/www.panish.law\/nevada\/#organization"},"potentialAction":[{"@type":"SearchAction","target":{"@type":"EntryPoint","urlTemplate":"https:\/\/www.panish.law\/nevada\/?s={search_term_string}"},"query-input":{"@type":"PropertyValueSpecification","valueRequired":true,"valueName":"search_term_string"}}],"inLanguage":"en-US"},{"@type":"Organization","@id":"https:\/\/www.panish.law\/nevada\/#organization","name":"Panish | Shea | Ravipudi LLP","url":"https:\/\/www.panish.law\/nevada\/","logo":{"@type":"ImageObject","inLanguage":"en-US","@id":"https:\/\/www.panish.law\/nevada\/#\/schema\/logo\/image\/","url":"https:\/\/www.panish.law\/nevada\/wp-content\/uploads\/2022\/07\/Panish-Shea-Boyle-Ravipudi-Logo.png","contentUrl":"https:\/\/www.panish.law\/nevada\/wp-content\/uploads\/2022\/07\/Panish-Shea-Boyle-Ravipudi-Logo.png","width":400,"height":400,"caption":"Panish | Shea | Ravipudi LLP"},"image":{"@id":"https:\/\/www.panish.law\/nevada\/#\/schema\/logo\/image\/"}}]}},"_links":{"self":[{"href":"https:\/\/www.panish.law\/nevada\/wp-json\/wp\/v2\/pages\/24859","targetHints":{"allow":["GET"]}}],"collection":[{"href":"https:\/\/www.panish.law\/nevada\/wp-json\/wp\/v2\/pages"}],"about":[{"href":"https:\/\/www.panish.law\/nevada\/wp-json\/wp\/v2\/types\/page"}],"author":[{"embeddable":true,"href":"https:\/\/www.panish.law\/nevada\/wp-json\/wp\/v2\/users\/5"}],"replies":[{"embeddable":true,"href":"https:\/\/www.panish.law\/nevada\/wp-json\/wp\/v2\/comments?post=24859"}],"version-history":[{"count":9,"href":"https:\/\/www.panish.law\/nevada\/wp-json\/wp\/v2\/pages\/24859\/revisions"}],"predecessor-version":[{"id":24894,"href":"https:\/\/www.panish.law\/nevada\/wp-json\/wp\/v2\/pages\/24859\/revisions\/24894"}],"wp:attachment":[{"href":"https:\/\/www.panish.law\/nevada\/wp-json\/wp\/v2\/media?parent=24859"}],"curies":[{"name":"wp","href":"https:\/\/api.w.org\/{rel}","templated":true}]}}